{"id":2,"date":"2013-06-26T21:45:37","date_gmt":"2013-06-26T21:45:37","guid":{"rendered":"http:\/\/cristina.casadoesteras.eu\/?page_id=2"},"modified":"2013-07-05T12:14:22","modified_gmt":"2013-07-05T12:14:22","slug":"sample-page","status":"publish","type":"page","link":"http:\/\/cristina.casadoesteras.eu\/?page_id=2","title":{"rendered":"\u00a1\u00a1\u00a1Los caballos!!!"},"content":{"rendered":"<p>Mi mami pens\u00f3 que para hacer los deberes de verano para que me fuese m\u00e1s divertido hiciera un blog.<\/p>\n<p>As\u00ed que he pensado hacer el bloc sobre los animales.<\/p>\n<p>Los caballos me gustan mucho as\u00ed que lo har\u00e9 sobre ellos: Lunes investigaci\u00f3n en catal\u00e1n, Martes leer en catal\u00e1n y hacer una redacci\u00f3n sobre lo que he le\u00eddo, Mi\u00e9rcoles mates, Jueves hacer una descripci\u00f3n sobre una imagen en castellano, y Viernes ver un capitulo o un v\u00eddeo en ingl\u00e9s y luego explicarlo en ingl\u00e9s.<\/p>\n<p>&nbsp;<\/p>\n","protected":false},"excerpt":{"rendered":"<p>Mi mami pens\u00f3 que para hacer los deberes de verano para que me fuese m\u00e1s divertido hiciera un blog. As\u00ed que he pensado hacer el bloc sobre los animales. Los caballos me gustan mucho as\u00ed que lo har\u00e9 sobre ellos: Lunes investigaci\u00f3n en catal\u00e1n, Martes leer en catal\u00e1n y hacer una redacci\u00f3n sobre lo que [&hellip;]<\/p>\n","protected":false},"author":1,"featured_media":0,"parent":0,"menu_order":0,"comment_status":"open","ping_status":"open","template":"","meta":{"footnotes":""},"class_list":["post-2","page","type-page","status-publish","hentry"],"_links":{"self":[{"href":"http:\/\/cristina.casadoesteras.eu\/index.php?rest_route=\/wp\/v2\/pages\/2","targetHints":{"allow":["GET"]}}],"collection":[{"href":"http:\/\/cristina.casadoesteras.eu\/index.php?rest_route=\/wp\/v2\/pages"}],"about":[{"href":"http:\/\/cristina.casadoesteras.eu\/index.php?rest_route=\/wp\/v2\/types\/page"}],"author":[{"embeddable":true,"href":"http:\/\/cristina.casadoesteras.eu\/index.php?rest_route=\/wp\/v2\/users\/1"}],"replies":[{"embeddable":true,"href":"http:\/\/cristina.casadoesteras.eu\/index.php?rest_route=%2Fwp%2Fv2%2Fcomments&post=2"}],"version-history":[{"count":5,"href":"http:\/\/cristina.casadoesteras.eu\/index.php?rest_route=\/wp\/v2\/pages\/2\/revisions"}],"predecessor-version":[{"id":6,"href":"http:\/\/cristina.casadoesteras.eu\/index.php?rest_route=\/wp\/v2\/pages\/2\/revisions\/6"}],"wp:attachment":[{"href":"http:\/\/cristina.casadoesteras.eu\/index.php?rest_route=%2Fwp%2Fv2%2Fmedia&parent=2"}],"curies":[{"name":"wp","href":"https:\/\/api.w.org\/{rel}","templated":true}]}}